{"id":286,"date":"2016-10-31T13:17:59","date_gmt":"2016-10-31T16:17:59","guid":{"rendered":"https:\/\/isfdr6027-sal.infd.edu.ar\/sitio\/?page_id=286"},"modified":"2021-10-21T08:34:53","modified_gmt":"2021-10-21T11:34:53","slug":"inicio","status":"publish","type":"page","link":"https:\/\/isfdr6027-sal.infd.edu.ar\/sitio\/","title":{"rendered":"Inicio"},"content":{"rendered":"<div id=\"metaslider-id-403\" style=\"width: 100%;\" class=\"ml-slider-3-33-0 metaslider metaslider-flex metaslider-403 ml-slider ms-theme-default\" role=\"region\" aria-roledescription=\"Slideshow\" aria-label=\"Slideshow\">\n    <div id=\"metaslider_container_403\">\n        <div id=\"metaslider_403\" class=\"flexslider\">\n            <ul aria-live=\"polite\" class=\"slides\">\n                <li style=\"display: block; width: 100%;\" class=\"slide-607 ms-image\" aria-roledescription=\"slide\" aria-label=\"slide-607\"><a href=\"https:\/\/mapa.infd.edu.ar\/\" target=\"_blank\"><img src=\"https:\/\/isfdr6027-sal.infd.edu.ar\/sitio\/wp-content\/uploads\/2018\/06\/mapa_infd6-1100x200.png\" height=\"200\" width=\"1100\" alt=\"\" class=\"slider-403 slide-607\" title=\"mapa_infd6\" \/><\/a><\/li>\n                <li style=\"display: none; width: 100%;\" class=\"slide-609 ms-image\" aria-roledescription=\"slide\" aria-label=\"slide-609\"><a href=\"https:\/\/www.argentina.gob.ar\/educacion\/becas\" target=\"_blank\"><img src=\"https:\/\/isfdr6027-sal.infd.edu.ar\/sitio\/wp-content\/uploads\/2018\/06\/becas7-1100x200.png\" height=\"200\" width=\"1100\" alt=\"\" class=\"slider-403 slide-609\" title=\"becas7\" \/><\/a><\/li>\n                <li style=\"display: none; width: 100%;\" class=\"slide-635 ms-image\" aria-roledescription=\"slide\" aria-label=\"slide-635\"><a href=\"https:\/\/www.argentina.gob.ar\/tema\/estudiar\/formacion-docencia\" target=\"_blank\"><img src=\"https:\/\/isfdr6027-sal.infd.edu.ar\/sitio\/wp-content\/uploads\/2018\/06\/convocatorias_slide6-1-1100x200.png\" height=\"200\" width=\"1100\" alt=\"\" class=\"slider-403 slide-635\" title=\"convocatorias_slide6-1\" \/><\/a><\/li>\n            <\/ul>\n        <\/div>\n        \n    <\/div>\n<\/div>\n<p>&nbsp;<\/p>\n<table id=\"table1\" style=\"width: 500px;\" border=\"1\" cellspacing=\"0\" cellpadding=\"10\" align=\"center\">\n<tbody>\n<tr>\n<td style=\"text-align: center;\">\n<p><span style=\"font-family: tahoma, arial, helvetica, sans-serif; font-size: 14pt; color: #3366ff;\">Instituto Superior de Formaci\u00f3n Docente N\u00ba 6027\u00a0\u00abAM\u00c9RICA LATINA \u00ab<\/span><\/p>\n<p><span style=\"font-family: tahoma, arial, helvetica, sans-serif; font-size: 12pt; color: #3366ff;\">PROFESOR SALVADOR MAZZA &#8211; SALTA\u00a0<\/span><\/p>\n<h1 style=\"text-align: center;\"><span style=\"font-size: 12pt; color: #3366ff;\">\u00a0<\/span><\/h1>\n<p>&nbsp;<\/p>\n<h1 style=\"text-align: center;\"><span style=\"font-size: 12pt; font-family: tahoma, arial, helvetica, sans-serif; color: #0000ff;\"><em>\u00a0\u00bfQu\u00e9 est\u00e1s esperando para unirte a Nuesto Instituto?<\/em><\/span><\/h1>\n<p>&nbsp;<\/p>\n<h1 style=\"text-align: center;\"><img decoding=\"async\" loading=\"lazy\" class=\"alignnone size-full wp-image-899\" src=\"https:\/\/isfdr6027-sal.infd.edu.ar\/sitio\/wp-content\/uploads\/2021\/10\/6027.jpg\" alt=\"\" width=\"960\" height=\"540\" srcset=\"https:\/\/isfdr6027-sal.infd.edu.ar\/sitio\/wp-content\/uploads\/2021\/10\/6027.jpg 960w, https:\/\/isfdr6027-sal.infd.edu.ar\/sitio\/wp-content\/uploads\/2021\/10\/6027-768x432.jpg 768w\" sizes=\"(max-width: 960px) 100vw, 960px\" \/>\u00a0<em><img decoding=\"async\" src=\"http:\/\/t3.gstatic.com\/images?q=tbn:ANd9GcSHuoW49DDkxsdUnQ-\" border=\"0\" \/><\/em><\/h1>\n<p style=\"text-align: left;\"><strong><span style=\"font-size: 12pt;\"><em style=\"color: #008080; font-family: tahoma, arial, helvetica, sans-serif; font-size: 14pt; text-align: left;\">Carreras:<\/em><\/span><\/strong><\/p>\n<h1 style=\"text-align: left;\"><span style=\"font-size: 14pt; color: #008080; font-family: tahoma, arial, helvetica, sans-serif;\"><em>1) Profesorado de Historia\u00a0<\/em><\/span><\/h1>\n<h1 style=\"text-align: left;\"><span style=\"font-size: 14pt; color: #008080; font-family: tahoma, arial, helvetica, sans-serif;\"><em>2) T\u00e9cnico Superior en Bromatolog\u00eda<\/em><\/span><\/h1>\n<h1 style=\"text-align: center;\"><strong style=\"color: #993300; font-family: tahoma, arial, helvetica, sans-serif; font-size: 10pt;\">Con una trayectoria de 35 a\u00f1os en la Educaci\u00f3n de Nivel Superior, ofrecemos dos carreras: un Profesorado y una Tecnicatura.<\/strong><\/h1>\n<p>Cada a\u00f1o damos la bienvenida a alrededor de 180 nuevos alumnos.<\/p>\n<p>&nbsp;<\/p>\n<p><span style=\"font-size: 10pt; font-family: tahoma, arial, helvetica, sans-serif; color: #ff0000;\" data-mce-mark=\"1\"><strong>&#8230;TE ESTAMOS ESPERANDO<\/strong><\/span><\/p>\n<p>&nbsp;<\/p>\n<p>&nbsp;<\/p>\n<p>&nbsp;<\/p>\n<p>&nbsp;<\/p>\n<\/td>\n<\/tr>\n<\/tbody>\n<\/table>\n<p>&nbsp;<\/p>\n<p>El Instituto en Facebook, dale Me Gusta<\/p>\n<p><img decoding=\"async\" loading=\"lazy\" src=\"https:\/\/www.facebook.com\/images\/fb_icon_325x325.png\" alt=\"Face\" width=\"33\" height=\"33\" border=\"0\" \/>\u00a0<a title=\"Facebook\" href=\"https:\/\/www.facebook.com\/isfd6027\" target=\"_blank\" rel=\"noopener\">https:\/\/www.facebook.com\/isfd6027<\/a><\/p>\n","protected":false},"excerpt":{"rendered":"<p>&nbsp; Instituto Superior de Formaci\u00f3n Docente N\u00ba 6027\u00a0\u00abAM\u00c9RICA LATINA \u00ab PROFESOR SALVADOR MAZZA &#8211; SALTA\u00a0 \u00a0 &nbsp; \u00a0\u00bfQu\u00e9 est\u00e1s esperando para unirte a Nuesto Instituto? &nbsp; \u00a0 Carreras: 1) Profesorado de Historia\u00a0 2) T\u00e9cnico Superior en Bromatolog\u00eda Con una trayectoria de 35 a\u00f1os en la Educaci\u00f3n de Nivel Superior, ofrecemos dos carreras: un Profesorado y &#8230; <a title=\"Inicio\" class=\"read-more\" href=\"https:\/\/isfdr6027-sal.infd.edu.ar\/sitio\/\" aria-label=\"More on Inicio\">[+]<\/a><\/p>\n","protected":false},"author":7,"featured_media":0,"parent":0,"menu_order":0,"comment_status":"closed","ping_status":"closed","template":"","meta":[],"acf":[],"_links":{"self":[{"href":"https:\/\/isfdr6027-sal.infd.edu.ar\/sitio\/wp-json\/wp\/v2\/pages\/286"}],"collection":[{"href":"https:\/\/isfdr6027-sal.infd.edu.ar\/sitio\/wp-json\/wp\/v2\/pages"}],"about":[{"href":"https:\/\/isfdr6027-sal.infd.edu.ar\/sitio\/wp-json\/wp\/v2\/types\/page"}],"author":[{"embeddable":true,"href":"https:\/\/isfdr6027-sal.infd.edu.ar\/sitio\/wp-json\/wp\/v2\/users\/7"}],"replies":[{"embeddable":true,"href":"https:\/\/isfdr6027-sal.infd.edu.ar\/sitio\/wp-json\/wp\/v2\/comments?post=286"}],"version-history":[{"count":76,"href":"https:\/\/isfdr6027-sal.infd.edu.ar\/sitio\/wp-json\/wp\/v2\/pages\/286\/revisions"}],"predecessor-version":[{"id":901,"href":"https:\/\/isfdr6027-sal.infd.edu.ar\/sitio\/wp-json\/wp\/v2\/pages\/286\/revisions\/901"}],"wp:attachment":[{"href":"https:\/\/isfdr6027-sal.infd.edu.ar\/sitio\/wp-json\/wp\/v2\/media?parent=286"}],"curies":[{"name":"wp","href":"https:\/\/api.w.org\/{rel}","templated":true}]}}