{"id":817,"date":"2018-08-31T13:59:14","date_gmt":"2018-08-31T16:59:14","guid":{"rendered":"https:\/\/isfdr6027-sal.infd.edu.ar\/sitio\/tecnico-superior-en-seguridad-e-higiene-en-el-trabajo\/"},"modified":"2021-10-21T21:22:54","modified_gmt":"2021-10-22T00:22:54","slug":"tecnico-superior-en-seguridad-e-higiene-en-el-trabajo","status":"publish","type":"page","link":"https:\/\/isfdr6027-sal.infd.edu.ar\/sitio\/tecnico-superior-en-seguridad-e-higiene-en-el-trabajo\/","title":{"rendered":"Tecnicatura Superior en Higiene y Seguridad en el  Trabajo"},"content":{"rendered":"<p><strong>PROPUESTA ACADEMICA<\/strong><\/p>\n<p><strong>Carrera:<\/strong><\/p>\n<p>Denominaci\u00f3n: Tecnicatura Superior en Higiene y Seguridad en el Trabajo.<br \/>\n\u00b7 Titulo a otorgarse: T\u00e9cnico Superior en Higiene y Seguridad en el Trabajo.<\/p>\n<p>Fundamentaci\u00f3n:<br \/>\nEn la actualidad, las problem\u00e1ticas de Higiene y Seguridad en el Trabajo son un componente importante de los procesos productivos e instituciones p\u00fablicas, debido a las leyes vigentes en la materia: Ley 19.587 \u2013 Decreto 351\/79 \u2013 Ley 24557 \u2013 Decreto N\u00ba 170\/96 \u2013 Decreto 911\/96 \u2013 Decreto 617\/97 y su Anexo I &#8211; Decreto 1338\/96 \u2013 Resoluci\u00f3n 295 \u2013 Ley Provincial de Seguridad P\u00fablica 7467\/07 \u2013 C\u00f3digo de Edificaci\u00f3n Municipal de la Ciudad de Salta \u2013 Resoluciones de la SRT 051, 231 y 319 \u2013 Normas complementarias.<\/p>\n<p>Adem\u00e1s, las enfermedades profesionales y los accidentes del trabajo, constituyen un serio problema en nuestra sociedad, por lo tanto, es de significativa importancia la aplicaci\u00f3n de medidas preventivas en la disminuci\u00f3n de accidentes y enfermedades, a trav\u00e9s de una acci\u00f3n permanente en la capacitaci\u00f3n y formaci\u00f3n de los trabajadores de distintos niveles de la empresa, por parte de los profesionales en la materia.<\/p>\n<p>Los profesionales de grado y postgrado habilitados para desempe\u00f1arse en las tareas relacionadas con la preservaci\u00f3n de la vida y salud de los trabajadores en una ambiente laboral necesitan la asistencia de personal t\u00e9cnico auxiliar.<\/p>\n<p>La carrera Tecnicatura Superior en Higiene y Seguridad en el Trabajo, desde el punto de vista curricular, lleva a profundizar aspectos t\u00e9cnicos para que el egresado se desempe\u00f1e como un colaborador del profesional a cargo del Servicio de Higiene y Seguridad en el Trabajo.<\/p>\n<p>Seg\u00fan la ley Nacional N\u00ba 19.587 \u2013 Decreto Reglamentario N\u00ba 351\/79 \u201cLey Nacional de Seguridad e Higiene en el Trabajo\u201d y \u201cLey Nacional de Riesgo de Trabajo\u201d todo tipo de establecimiento p\u00fablico o privado requiere de personal t\u00e9cnico especializado en higiene y seguridad en el trabajo. Dentro de estos establecimientos, en nuestro medio nos encontramos con Petroleras, Mineras, Generadoras de electricidad, Curtiembres, Bodegas, Cementeras, Ingenios azucareros, Empresas agropecuarias, ART (Empresa Aseguradora de Riesgo de Trabajo), Empresa prestadora de servicios, Estaciones de Servicios, Supermercados, Cines, Locales nocturnos, Instituciones Educativas Privadas, Organizaciones deportivas y civiles, Centros Tur\u00edsticos, etc.<\/p>\n<p>Se considera necesaria la apertura de esta carrera, ya que en nuestra medio y en su zona de influencia, se requiere personal capacitado con esta especialidad, que propicie objetivos de protecci\u00f3n de la salud y la vida de los trabajadores, tal como las tendencias actuales en materia de Higiene y Seguridad en el Trabajo lo imponen. Esta carrera permite al egresado reconocer, evaluar y controlar los riesgos presentes en los ambientes laborales, preservando fundamentalmente la integridad psicof\u00edsica de los trabajadores, pero sin perder de vista el resguardo de los bienes de la organizaci\u00f3n. Adem\u00e1s, es necesario destacar que esta carrera permitir\u00eda la posibilidad de articular con la Licenciatura en esta especialidad.<\/p>\n<p>Al formar T\u00e9cnicos en Higiene y Seguridad en el Trabajo, se espera producir los siguientes efectos:<br \/>\n\u00b7 Que las empresas puedan adecuarse a las leyes vigentes en la materia.<br \/>\n\u00b7 Que puedan adoptar medidas que posibiliten una efectiva acci\u00f3n preventiva.<br \/>\n\u00b7 Que la implementaci\u00f3n de los conceptos de Higiene y Seguridad en el Trabajo se constituyan en un medio para mejorar la productividad<br \/>\n\u00b7 Implementaci\u00f3n de sistemas de mejoras continuas en Higiene y Seguridad en el Trabajo.<br \/>\n\u00b7 Que contribuyan a prevenir los efectos negativos que todo accidente produce en el individuo, el grupo de trabajo y la empresa en general.<br \/>\n\u00b7 Que el concepto de prevenci\u00f3n se complemente con acciones espec\u00edficas para promover y mantener el m\u00e1s alto nivel de bienestar f\u00edsico, mental y social de los trabajadores de la empresa.<br \/>\n\u00b7 Que se pueda prevenir el da\u00f1o causado a la salud de los trabajadores por las condiciones de trabajo y protegerlos contra los riesgos resultantes de la existencia de agentes nocivos para la salud.<br \/>\n\u00b7 Que se incorpore la noci\u00f3n del cuidado del medio ambiente mediante el tratamiento de los efluentes y residuos peligrosos.<br \/>\n\u00b7 Que los egresados desarrollen la gesti\u00f3n de sus conocimientos con idoneidad y disposici\u00f3n de superaci\u00f3n permanente.<\/p>\n<p>Duraci\u00f3n, expresada en horas reloj:<br \/>\n\u00b7 Carga horaria total: 1800 horas reloj<br \/>\n\u00b7 Campo de Formaci\u00f3n General: 480 horas reloj.<br \/>\n\u00b7 Campo de Fundamento: 288 horas reloj.<br \/>\n\u00b7 Campo de Formaci\u00f3n Especifica: 672 horas reloj.<br \/>\n\u00b7 Campo de Pr\u00e1ctica Profesionalizante: 360 horas reloj.<br \/>\n\u00b7 Duraci\u00f3n de la carrera: 3 a\u00f1os<br \/>\n\u00b7 Cantidad de espacios curriculares: 34 (treinta y cuatro)<\/p>\n<p><strong>Perfil profesional<\/strong>:<\/p>\n<p>El T\u00e9cnico en Higiene y Seguridad en el Trabajo es un profesional que acredita las siguientes competencias:<br \/>\n\u00b7 Colabora con profesionales de grado en la elaboraci\u00f3n y aplicaci\u00f3n de t\u00e9cnicas, procedimientos y recomendaciones orientadas a la preservaci\u00f3n de la integridad psicof\u00edsica del trabajador en los ambientes laborales.<br \/>\n\u00b7 Realiza auditor\u00edas sobre la conservaci\u00f3n y estado de las instalaciones contra incendios en todo el \u00e1mbito laboral.<br \/>\n\u00b7 Colabora con profesionales de grado en la elaboraci\u00f3n y aplicaci\u00f3n de programas de formaci\u00f3n y capacitaci\u00f3n en materia de Higiene y Seguridad en el Trabajo.<br \/>\n\u00b7 Colabora en todas las funciones y aplicaciones detalladas y emergentes de la normativa vigente sobre Higiene y Seguridad en el Trabajo.<br \/>\n\u00b7 Inspecciona el cumplimiento de las exigencias legales vigentes que en materia de Higiene y Seguridad en el Trabajo corresponden aplicarse en todo el lugar de Trabajo.<br \/>\n\u00b7 Colabora en el desarrollo e implementaci\u00f3n de Planes de contingencia e Investigaci\u00f3n de accidentes de Trabajo y enfermedades profesionales.<br \/>\n\u00b7 Integra grupos interdisciplinarios con la finalidad de promover la preservaci\u00f3n y planificaci\u00f3n de acciones tendientes a evitar la producci\u00f3n de accidentes mayores de origen tecnol\u00f3gico, que puedan comprometer la seguridad, la salud p\u00fablica y el medio ambiente de una comunidad.<br \/>\n\u00b7 Controla la conservaci\u00f3n de las instalaciones sanitarias y otras instalaciones y servicios destinados a los trabajadores, tales como aprovisionamiento de agua potable, comedores, ba\u00f1os y vestuarios.<\/p>\n<p><strong>\u00c1rea ocupacional:<\/strong><\/p>\n<p>El T\u00e9cnico en Higiene y Seguridad en el Trabajo puede desempe\u00f1ar sus tareas en distintos \u00e1mbitos laborales:<br \/>\n\u00b7 Organizaciones productivas, industrializadoras y\/o comercializadoras de bienes y\/o servicios, de car\u00e1cter p\u00fablico o privado.<br \/>\n\u00b7 Organizaciones sindicales y asociaciones profesionales de trabajadores de cualquier rama de la actividad econ\u00f3mica.<br \/>\n\u00b7 Organizaciones empresariales y asociaciones de empleadores, de cualquier grado (C\u00e1maras Sectoriales, Federaciones Econ\u00f3micas)<br \/>\n\u00b7 Organismos Gubernamentales relacionados con la elaboraci\u00f3n de pol\u00edticas y normas referidas a la Higiene y Seguridad en el Trabajo (Superintendencia de Riesgos del Trabajo \u2013 Ministerio de Trabajo \u2013 Direcciones Provinciales \u2013 entre otros) y aquellos que tienen otras finalidades.<br \/>\n\u00b7 Aseguradoras de Riesgos del Trabajo<br \/>\n\u00b7 Organismos de estudio e investigaci\u00f3n, vinculados a la tem\u00e1tica de la profesi\u00f3n.<br \/>\n\u00b7 Centros educativos de diferentes niveles (secundarios y\/o terciarios), del sector p\u00fablico o privado, que lleven adelante actividades de formaci\u00f3n profesional vinculadas a temas de la especialidad.<\/p>\n<p><strong>Alcance del t\u00edtulo:<\/strong><\/p>\n<p>El T\u00e9cnico en Higiene y Seguridad en el Trabajo es el auxiliar directo del responsable del Servicio de Higiene y Seguridad en el Trabajo, de acuerdo a lo establecido en el Decreto N\u00ba 351\/79 y sus modificaciones, a saber:<\/p>\n<p>1. Planeamiento de la Higiene y Seguridad en el Trabajo:<br \/>\n\u00b7 Prepara esquemas operativos para trazar el programa de acci\u00f3n organizativa.<br \/>\n\u00b7 Planifica la tarea destinada a desarrollar programas preventivos a trav\u00e9s de medios orales y escritos.<br \/>\n\u00b7 Planifica las acciones destinadas al logro de una mayor integraci\u00f3n de los grupos que trabajan en la empresa.<br \/>\n\u00b7 Planifica los cursos de capacitaci\u00f3n y perfeccionamiento, conferencias, seminarios y jornadas que se desarrollen en la empresa.<br \/>\n\u00b7 Planifica las acciones y recursos destinados a mejorar y modificar las condiciones de trabajo y evitar la ocurrencia del accidente.<br \/>\n\u00b7 Prepara los planes y programas preventivos de accidentes para los trabajadores que desarrollan tareas en la empresa.<br \/>\n\u00b7 Traza los planes destinados a evaluar:<br \/>\no Medio ambiente en que se desarrollan las tareas<br \/>\no Aplicaci\u00f3n de nuevas t\u00e9cnicas de trabajo<br \/>\no Empleo de nuevos equipos<br \/>\no Relaciones interpersonales<\/p>\n<p>2. Aplicaci\u00f3n de la Higiene y Seguridad en el Trabajo:<br \/>\n\u00b7 Aplica las metodolog\u00edas correspondientes a los distintos procesos de la organizaci\u00f3n industrial.<br \/>\n\u00b7 Propone soluciones para las situaciones cr\u00edticas de los aspectos organizativos.<br \/>\n\u00b7 Aplica los m\u00e9todos y t\u00e9cnicas de las ciencias administrativas usadas en las empresas<br \/>\n\u00b7 Traza esquemas operativos en el programa de organizaci\u00f3n de los procesos de trabajo y de la Higiene y Seguridad.<br \/>\n\u00b7 Organiza a trav\u00e9s de los medios de comunicaci\u00f3n oral y escrito, programas preventivos.<br \/>\n3. Coordinaci\u00f3n de metodolog\u00edas aplicadas al trabajo y adaptadas a la real posibilidad del hombre:<br \/>\n\u00b7 Da a conocer al personal metodolog\u00edas de trabajo aprobadas y f\u00e1ciles de comprender y aplicar, con el fin de elevar la productividad.<br \/>\n\u00b7 Forma conciencia del valor humano en el Trabajo<br \/>\n\u00b7 Aplica los principios de ergonom\u00eda para la adaptaci\u00f3n del trabajo al hombre con el fin de disminuir los riesgos del trabajador<br \/>\n\u00b7 Estimula el logro de actitudes para la protecci\u00f3n de m\u00e1quinas y herramientas, en funci\u00f3n del hombre que trabaja.<\/p>\n<p>4. Comunicaci\u00f3n y relaci\u00f3n entre el personal:<br \/>\n\u00b7 Profundiza las relaciones, interrelaciones, conducci\u00f3n del personal y act\u00faa como nexo entre la administraci\u00f3n y la producci\u00f3n, mejorando as\u00ed las relaciones en el trabajo.<\/p>\n<p>5. Acci\u00f3n legal en higiene y seguridad en el trabajo:<br \/>\n\u00b7 Maneja la protecci\u00f3n legal derivada de las concepciones del derecho del trabajo y concordantes.<\/p>\n<p>6. Administraci\u00f3n, selecci\u00f3n y capacitaci\u00f3n del personal:<br \/>\n\u00b7 Establece pautas para la selecci\u00f3n e ingreso del personal en funci\u00f3n de los riesgos a que den lugar las respectivas tareas.<br \/>\n\u00b7 Orienta la acci\u00f3n de la capacitaci\u00f3n en higiene y seguridad dentro de la empresa y en los distintos niveles de la misma.<br \/>\n\u00b7 Implementa cursos de capacitaci\u00f3n del personal.<\/p>\n<p>7. Conocimiento, funcionamiento y aplicaci\u00f3n de materiales, equipos e instalaciones y la aplicaci\u00f3n de estad\u00edsticas y costos:<br \/>\n\u00b7 Analiza los riesgos en m\u00e1quinas e instalaciones y el manipuleo y transporte de materiales.<br \/>\n\u00b7 Aplica los m\u00e9todos de estad\u00edsticas y costos en los esquemas de higiene y seguridad en el trabajo.<br \/>\n\u00b7 Confecciona presupuestos de programas preventivos y an\u00e1lisis de los costos directos e indirectos de los accidentes.<br \/>\n\u00b7 Recaba y registra informaci\u00f3n sobre<br \/>\nAccidentes probables:<br \/>\nConsecuencias<br \/>\nCostos directos<br \/>\nCostos indirectos<br \/>\nPrimas de seguro<br \/>\nGastos m\u00e9dicos<br \/>\nRehabilitaci\u00f3n, traslados, pr\u00f3tesis<br \/>\nProducci\u00f3n y utilidades, p\u00e9rdidas debido al ausentismo por personas accidentadas.<br \/>\nRendimiento menor del lesionado<br \/>\nAccidentes acaecidos:<br \/>\nOrigen<br \/>\nCostos directos<br \/>\nCostos indirectos<\/p>\n<p>8. <strong>Control de los ambientes de trabajo:<\/strong><br \/>\n\u00b7 Resuelve los problemas que se plantean desde el punto de vista de la ventilaci\u00f3n, de los ruidos y vibraciones, y de la iluminaci\u00f3n y color de los ambientes de trabajo.<br \/>\n\u00b7 Discierne sobre la factibilidad t\u00e9cnico-econ\u00f3mica de las instalaciones.<br \/>\n\u00b7 Desarrolla la toma de conciencia frente a las enfermedades profesionales y su incidencia social, econ\u00f3mica profil\u00e1ctica y preventiva.<br \/>\n\u00b7 Resuelve problemas en los aspectos mec\u00e1nicos, cal\u00f3ricos, el\u00e9ctricos y \u00f3pticos que se ponen de manifiesto en los ambientes de trabajo.<br \/>\n\u00b7 Act\u00faa en el saneamiento del clima en que se desarrolla el trabajo.<\/p>\n<p>9. Evaluaci\u00f3n de las situaciones de trabajo en funci\u00f3n de la Higiene y Seguridad:<br \/>\n\u00b7 Eval\u00faa los factores que influyen en la habilidad profesional del trabajador.<br \/>\n\u00b7 Eval\u00faa la aplicaci\u00f3n de nuevas t\u00e9cnicas y equipos<br \/>\n\u00b7 Eval\u00faa el mejoramiento del clima de trabajo.<\/p>\n<p><strong>Organizaci\u00f3n curricular<\/strong><\/p>\n<p><strong>PRIMER A\u00d1O<\/strong><\/p>\n<p>C\u00f3d ESPACIO CURRICULAR REGIMEN<br \/>\nAnual 1\u00b0Cuat 2\u00b0 Cuat<br \/>\nCampo de Formaci\u00f3n General<br \/>\n1.01 Comprensi\u00f3n de Textos 4<br \/>\n1.03 Organizaci\u00f3n Industrial 4<br \/>\n1.04 Psicolog\u00eda Laboral 3<br \/>\n1.06 Sociolog\u00eda 3<br \/>\n1.07 Derecho del Trabajo 4<br \/>\n1.08 Relaciones Humanas 4<br \/>\nCampo de Formaci\u00f3n de Fundamento<br \/>\n1.02 Matem\u00e1tica 4<br \/>\n1.05 Estad\u00edsticas y Costos 4<br \/>\nCampo de Formaci\u00f3n Espec\u00edfica<br \/>\n1.09 Medicina del Trabajo I 4<br \/>\n1.10 Seguridad I 4<br \/>\nCampo de la Pr\u00e1ctica Profesionalizante<br \/>\n1.11 Pr\u00e1ctica Profesional I 4<br \/>\nTOTAL DE HORAS CATEDRA 4 15 19<\/p>\n<p><strong>SEGUNDO A\u00d1O<\/strong><br \/>\nC\u00f3d ESPACIO CURRICULAR REGIMEN<br \/>\nAnual 1\u00b0Cuat 2\u00b0 Cuat<br \/>\nCampo de Formaci\u00f3n General<br \/>\n2.14 Inform\u00e1tica Aplicada 4<br \/>\n2.15 \u00c9tica Profesional 3<br \/>\nCampo de Formaci\u00f3n de Fundamento<br \/>\n2.12 F\u00edsica I 4<br \/>\n2.17 F\u00edsica II 4<br \/>\n2.18 Qu\u00edmica I 4<br \/>\nCampo de Formaci\u00f3n Espec\u00edfica<br \/>\n2.13 Control de Contaminaci\u00f3n y Tratamiento de Residuos 4<br \/>\n2.16 Estudio del Trabajo y Ergonom\u00eda 4<br \/>\n2.19 Medicina del Trabajo II 4<br \/>\n2.20 Seguridad II 4<br \/>\n2.21 Seguridad III 4<br \/>\n2.22 Higiene Laboral 4<br \/>\nCampo de la Pr\u00e1ctica Profesionalizante<br \/>\n2.23 Pr\u00e1ctica Profesional II 5<br \/>\nTOTAL DE HORAS CATEDRA 5 19 24<\/p>\n<p><strong>TERCER A\u00d1O<\/strong><\/p>\n<p>C\u00f3d ESPACIO CURRICULAR REGIMEN<br \/>\nAnual 1\u00b0Cuat 2\u00b0 Cuat<br \/>\nCampo de Formaci\u00f3n General<br \/>\n3.31 Administraci\u00f3n de las organizaciones 4<br \/>\n3.29 Ingl\u00e9s 3<br \/>\n3.30 Selecci\u00f3n y Capacitaci\u00f3n 4<br \/>\nCampo de Formaci\u00f3n de Fundamento<br \/>\n3.28 Qu\u00edmica II 4<br \/>\nCampo de Formaci\u00f3n Espec\u00edfica<br \/>\n3.24 Higiene I 4<br \/>\n3.25 Higiene II 4<br \/>\n3.26 Higiene III 4<br \/>\n3.27 Seguridad IV 4<br \/>\n3.32 Seguridad V 4<br \/>\n3.33 An\u00e1lisis de Riesgos 4<br \/>\nCampo de la Pr\u00e1ctica Profesionalizante<br \/>\n3.34 Pr\u00e1ctica Profesional III 6<br \/>\nTOTAL DE HORAS CATEDRA 6 20 19<\/p>\n<p>Corresponsal : Lic. Esteban Lowinger<\/p>\n","protected":false},"excerpt":{"rendered":"<p>PROPUESTA ACADEMICA Carrera: Denominaci\u00f3n: Tecnicatura Superior en Higiene y Seguridad en el Trabajo. \u00b7 Titulo a otorgarse: T\u00e9cnico Superior en Higiene y Seguridad en el Trabajo. Fundamentaci\u00f3n: En la actualidad, las problem\u00e1ticas de Higiene y Seguridad en el Trabajo son un componente importante de los procesos productivos e instituciones p\u00fablicas, debido a las leyes vigentes &#8230; <a title=\"Tecnicatura Superior en Higiene y Seguridad en el  Trabajo\" class=\"read-more\" href=\"https:\/\/isfdr6027-sal.infd.edu.ar\/sitio\/tecnico-superior-en-seguridad-e-higiene-en-el-trabajo\/\" aria-label=\"More on Tecnicatura Superior en Higiene y Seguridad en el  Trabajo\">[+]<\/a><\/p>\n","protected":false},"author":261,"featured_media":0,"parent":0,"menu_order":0,"comment_status":"closed","ping_status":"closed","template":"","meta":[],"acf":[],"_links":{"self":[{"href":"https:\/\/isfdr6027-sal.infd.edu.ar\/sitio\/wp-json\/wp\/v2\/pages\/817"}],"collection":[{"href":"https:\/\/isfdr6027-sal.infd.edu.ar\/sitio\/wp-json\/wp\/v2\/pages"}],"about":[{"href":"https:\/\/isfdr6027-sal.infd.edu.ar\/sitio\/wp-json\/wp\/v2\/types\/page"}],"author":[{"embeddable":true,"href":"https:\/\/isfdr6027-sal.infd.edu.ar\/sitio\/wp-json\/wp\/v2\/users\/261"}],"replies":[{"embeddable":true,"href":"https:\/\/isfdr6027-sal.infd.edu.ar\/sitio\/wp-json\/wp\/v2\/comments?post=817"}],"version-history":[{"count":1,"href":"https:\/\/isfdr6027-sal.infd.edu.ar\/sitio\/wp-json\/wp\/v2\/pages\/817\/revisions"}],"predecessor-version":[{"id":922,"href":"https:\/\/isfdr6027-sal.infd.edu.ar\/sitio\/wp-json\/wp\/v2\/pages\/817\/revisions\/922"}],"wp:attachment":[{"href":"https:\/\/isfdr6027-sal.infd.edu.ar\/sitio\/wp-json\/wp\/v2\/media?parent=817"}],"curies":[{"name":"wp","href":"https:\/\/api.w.org\/{rel}","templated":true}]}}