{"id":845,"date":"2018-08-31T13:59:22","date_gmt":"2018-08-31T16:59:22","guid":{"rendered":"https:\/\/isfdr6027-sal.infd.edu.ar\/sitio\/docentes\/"},"modified":"2021-10-21T08:17:21","modified_gmt":"2021-10-21T11:17:21","slug":"docentes","status":"publish","type":"page","link":"https:\/\/isfdr6027-sal.infd.edu.ar\/sitio\/docentes\/","title":{"rendered":"Docentes"},"content":{"rendered":"<p style=\"text-align: center;\"><span style=\"font-family: tahoma, arial, helvetica, sans-serif; color: #3366ff; font-size: 12pt;\">El PLANTEL DOCENTE &#8211; 2019, ES EL\u00a0 SIGUIENTE<strong>:<\/strong><\/span><\/p>\n<p class=\"MsoBodyText\" style=\"margin: 0cm 0cm 0pt;\"><em>\u00a0<img decoding=\"async\" src=\"http:\/\/t1.gstatic.com\/images?q=tbn:ANd9GcRxiG5k1vIIB09JFdCPg44-\" border=\"0\" \/><em><img decoding=\"async\" loading=\"lazy\" style=\"display: block; margin-left: auto; margin-right: auto;\" src=\"http:\/\/t3.gstatic.com\/images?q=tbn:ANd9GcTgRGqhr03nzob028dYqf69Xw1279-mHWm7MoJWvoRcWrgJExV4zQ\" width=\"184\" height=\"162\" border=\"0\" \/><\/em><\/em><\/p>\n<p style=\"text-align: center;\"><strong>AG\u00dcERO, Paula<\/strong><\/p>\n<p style=\"text-align: center;\"><strong>\u00c1LVAREZ, Silvana<\/strong><\/p>\n<p style=\"text-align: center;\"><strong>ARENAS, Mari\u00e1ngeles<\/strong><\/p>\n<p style=\"text-align: center;\"><strong>AROMANDO, Milagros<\/strong><\/p>\n<p style=\"text-align: center;\"><strong>ARRESE GALDIANO, Sof\u00eda<\/strong><\/p>\n<p style=\"text-align: center;\"><strong>BARRIOS, Nanci Viviana<\/strong><\/p>\n<p style=\"text-align: center;\"><strong>CHOCOBAR, Karina Alejandra<\/strong><\/p>\n<p style=\"text-align: center;\"><strong>GARNICA, H\u00e9ctor<\/strong><\/p>\n<p style=\"text-align: center;\"><strong>GUARNIERI, Josefa<\/strong><\/p>\n<p style=\"text-align: center;\"><strong>H\u00c9RBEZ, Silvina<\/strong><\/p>\n<p style=\"text-align: center;\"><strong>IZURSA, Luc\u00eda Beatriz<\/strong><\/p>\n<p style=\"text-align: center;\"><strong>JALDIN GONZALEZ , Hern\u00e1n<\/strong><\/p>\n<p style=\"text-align: center;\"><strong>LEDESMA, Cristian<\/strong><\/p>\n<p style=\"text-align: center;\"><strong>L\u00d3PEZ, Susana<\/strong><\/p>\n<p style=\"text-align: center;\"><strong>LUNA, Mar\u00eda Laura<\/strong><\/p>\n<p style=\"text-align: center;\"><strong>MIRANDA, Carolina<\/strong><\/p>\n<p style=\"text-align: center;\"><strong>MIRANDA, Graciela<\/strong><\/p>\n<p style=\"text-align: center;\"><strong>MIRANDA, Guillermo<\/strong><\/p>\n<p style=\"text-align: center;\"><strong>ORT\u00cdZ, Maximiliano<\/strong><\/p>\n<p style=\"text-align: center;\"><strong>OYARZUN TORRES, Sof\u00eda<\/strong><\/p>\n<p style=\"text-align: center;\"><strong>RODR\u00cdGUEZ HURTADO, Olga<\/strong><\/p>\n<p style=\"text-align: center;\"><strong>ROMERO Mar\u00eda Magdalena<\/strong><\/p>\n<p style=\"text-align: center;\"><strong>ROMERO, Teresa Gabriela<\/strong><\/p>\n<p style=\"text-align: center;\"><strong>S\u00c1NCHEZ Blanca Patricia<\/strong><\/p>\n<p style=\"text-align: center;\"><strong>SORIA, Ivana Judith<\/strong><\/p>\n<p style=\"text-align: center;\"><strong>TORDOYA, Alfredo<\/strong><\/p>\n<p style=\"text-align: center;\"><strong>TORRES, Margarita<\/strong><\/p>\n<p style=\"text-align: center;\"><strong>TORRES, Tatiana<\/strong><\/p>\n<p style=\"text-align: center;\"><strong>VARGAS CARDOZO, Jorge<\/strong><\/p>\n<p style=\"text-align: center;\"><strong>VILLALBA, Mirian Rossana<\/strong><\/p>\n<p style=\"text-align: center;\"><strong>WAYAR, Paula Andrea<\/strong><\/p>\n<p style=\"text-align: center;\"><strong>ZARZURI, Rosa Eugenia<\/strong><\/p>\n<p style=\"text-align: center;\">\n<p><strong>\u00a0<\/strong><\/p>\n<p class=\"MsoBodyText\" style=\"margin: 0cm 0cm 0pt;\"><em>\u00a0<\/em><\/p>\n","protected":false},"excerpt":{"rendered":"<p>El PLANTEL DOCENTE &#8211; 2019, ES EL\u00a0 SIGUIENTE: \u00a0 AG\u00dcERO, Paula \u00c1LVAREZ, Silvana ARENAS, Mari\u00e1ngeles AROMANDO, Milagros ARRESE GALDIANO, Sof\u00eda BARRIOS, Nanci Viviana CHOCOBAR, Karina Alejandra GARNICA, H\u00e9ctor GUARNIERI, Josefa H\u00c9RBEZ, Silvina IZURSA, Luc\u00eda Beatriz JALDIN GONZALEZ , Hern\u00e1n LEDESMA, Cristian L\u00d3PEZ, Susana LUNA, Mar\u00eda Laura MIRANDA, Carolina MIRANDA, Graciela MIRANDA, Guillermo ORT\u00cdZ, Maximiliano OYARZUN &#8230; <a title=\"Docentes\" class=\"read-more\" href=\"https:\/\/isfdr6027-sal.infd.edu.ar\/sitio\/docentes\/\" aria-label=\"More on Docentes\">[+]<\/a><\/p>\n","protected":false},"author":261,"featured_media":0,"parent":0,"menu_order":0,"comment_status":"closed","ping_status":"closed","template":"","meta":[],"acf":[],"_links":{"self":[{"href":"https:\/\/isfdr6027-sal.infd.edu.ar\/sitio\/wp-json\/wp\/v2\/pages\/845"}],"collection":[{"href":"https:\/\/isfdr6027-sal.infd.edu.ar\/sitio\/wp-json\/wp\/v2\/pages"}],"about":[{"href":"https:\/\/isfdr6027-sal.infd.edu.ar\/sitio\/wp-json\/wp\/v2\/types\/page"}],"author":[{"embeddable":true,"href":"https:\/\/isfdr6027-sal.infd.edu.ar\/sitio\/wp-json\/wp\/v2\/users\/261"}],"replies":[{"embeddable":true,"href":"https:\/\/isfdr6027-sal.infd.edu.ar\/sitio\/wp-json\/wp\/v2\/comments?post=845"}],"version-history":[{"count":2,"href":"https:\/\/isfdr6027-sal.infd.edu.ar\/sitio\/wp-json\/wp\/v2\/pages\/845\/revisions"}],"predecessor-version":[{"id":898,"href":"https:\/\/isfdr6027-sal.infd.edu.ar\/sitio\/wp-json\/wp\/v2\/pages\/845\/revisions\/898"}],"wp:attachment":[{"href":"https:\/\/isfdr6027-sal.infd.edu.ar\/sitio\/wp-json\/wp\/v2\/media?parent=845"}],"curies":[{"name":"wp","href":"https:\/\/api.w.org\/{rel}","templated":true}]}}