{"id":872,"date":"2018-08-31T13:59:32","date_gmt":"2018-08-31T16:59:32","guid":{"rendered":"https:\/\/isfdr6027-sal.infd.edu.ar\/sitio\/informacion-para-alumnos\/"},"modified":"2021-10-21T08:47:04","modified_gmt":"2021-10-21T11:47:04","slug":"informacion-para-alumnos","status":"publish","type":"page","link":"https:\/\/isfdr6027-sal.infd.edu.ar\/sitio\/informacion-para-alumnos\/","title":{"rendered":"Informaci\u00f3n para alumnos"},"content":{"rendered":"<p style=\"text-align: center;\">\u00a0 \u00a0 \u00a0 \u00a0 \u00a0 \u00a0\u00a0<strong><em><br \/>\n<\/em><\/strong><strong><em>Tu puedes ser un T\u00e9cnico en Seguridad e Higiene en el<\/em><\/strong><\/p>\n<p style=\"text-align: center;\"><strong><em>Trabajo<\/em><\/strong><\/p>\n<p style=\"text-align: justify;\">Al\u00a0finalizar la carrera\u00a0ser\u00e1s\u00a0un asistente juicioso y ordenado, siempre con sus convicciones en mente y por encima de todo, preocupado por la calidad de vida de las personas. Creyente y practicante de la prevenci\u00f3n y la integridad.<\/p>\n<p style=\"text-align: justify;\">Complementa si sos un buen compa\u00f1ero, un buen\u00a0 amigo, un buen padre, que sin duda dejar\u00e1\u00a0 huellas importantes donde\u00a0te desempe\u00f1es como T\u00e9cnico\u00a0en Seguridad\u00a0Industrial y\u00a0por que no, un\u00a0ejemplo de lucha diaria para preservar la vida.<\/p>\n<p style=\"text-align: justify;\">\n<p style=\"text-align: justify;\"><strong>Netamente somos individuos que a trav\u00e9s de sus conocimientos,\u00a0previenen\u00a0accidentes<\/strong><\/p>\n<p style=\"text-align: justify;\">\n<p style=\"text-align: justify;\"><strong>Cual es el perfil a lograr<\/strong>:<br \/>\n<strong>Carrera \u00a0de 3 a\u00f1os de duraci\u00f3n y 36 materias de cursado que otorga el t\u00edtulo de T\u00e9cnico Superior en Seguridad e Higiene en el Trabajo.<\/strong><\/p>\n<p>Duraci\u00f3n: 3 a\u00f1os<br \/>\nNivel: Pregrado<br \/>\nModalidad de Cursado: Presencial<br \/>\nSe cursa en: Salvador Mazza<br \/>\nSe trata de una carrera con s\u00f3lida formaci\u00f3n multidisciplinaria por cuanto abarca las ciencias b\u00e1sicas y las materias relacionadas con: salud y ambiente, human\u00edsticas para el desenvolvimiento en \u00e1reas humanas y laborales, y espec\u00edficamente, las t\u00e9cnicas propias de la prevenci\u00f3n de riesgos de trabajo, protecci\u00f3n e higiene con un claro conocimiento de la reglamentaci\u00f3n vigente.<\/p>\n<p><strong>Objetivos de la Carrera<\/strong>:<\/p>\n<ul style=\"text-align: justify;\">\n<li>Aprendizaje de los conocimientos por parte del alumno de las metodolog\u00edas correspondientes a los distintos procesos educativos de la carrera.<\/li>\n<li>Guiar al mismo para proponer soluciones a las situaciones cr\u00edticas de los aspectos t\u00e9cnicos, como as\u00ed tambi\u00e9n, la aplicaci\u00f3n de los m\u00e9todos y t\u00e9cnicas de las distintas ciencias, que se aprender\u00e1n durante los a\u00f1os de cursado.<\/li>\n<li>Orientar al futuro profesional en la traza de esquemas operativos en las distintas disciplinas involucradas en los distintos procesos de trabajo, relacionados con la seguridad, higiene y medio ambiente.<\/li>\n<li>Brindar al futuro profesional las herramientas y t\u00e9cnicas para organizar programas de prevenci\u00f3n a trav\u00e9s de medios comunicacionales orales y escritos.<\/li>\n<li>Preparar al profesional para desempe\u00f1arse responsable y \u00e9ticamente en distintos \u00e1mbitos laborales.<\/li>\n<li>Proteger la salud y la vida de las personas como as\u00ed tambi\u00e9n el ambiente y los bienes del entorno laboral.<\/li>\n<li>Formar profesionales responsables que promuevan en los distintos ambientes de trabajo, su entorno inmediato y mediato, medidas de prevenci\u00f3n y protecci\u00f3n.<\/li>\n<li>Preparar un profesional con una formaci\u00f3n multidisciplinaria.<\/li>\n<\/ul>\n<p style=\"text-align: justify;\"><strong>Perfil del Egresado<\/strong>:<br \/>\nEl T\u00e9cnico Superior en Seguridad e Higiene Laboral, egresado del\u00a0ISFD 6027\u00a0podr\u00e1:<br \/>\n&#8211; Asistir al profesional en las pr\u00e1cticas de confecci\u00f3n y desarrollo de estad\u00edsticas y su an\u00e1lisis.<br \/>\n&#8211; Analizar \u00edndices de frecuencia y gravedad, interpretarlos y desarrollar, en base a estas mediciones, planes de gesti\u00f3n conjunta.<br \/>\n&#8211; Controles de seguridad e higiene en campo de trabajo<br \/>\n&#8211; Investigaci\u00f3n, registro y an\u00e1lisis de accidentes de trabajo<br \/>\n&#8211; Capacitaci\u00f3n<br \/>\n&#8211; Instrucci\u00f3n al personal sobre protecci\u00f3n contra incendios<br \/>\n&#8211; Prevenciones higi\u00e9nicas<br \/>\n&#8211; Evaluaci\u00f3n de riesgos<br \/>\n&#8211; Formaci\u00f3n de brigadas<br \/>\n&#8211; Elaboraci\u00f3n de planes de emergencia y evacuaci\u00f3n<br \/>\n&#8211; Manejo de instrumental est\u00e1ndar para la medici\u00f3n de par\u00e1metros ambientales<br \/>\n&#8211; Manejo y conocimiento de elementos de protecci\u00f3n y de prevenci\u00f3n.<br \/>\n&#8211; Seguimiento del mapeo de riesgos<br \/>\n&#8211; Costeo de los aspectos de la gesti\u00f3n de seguridad<br \/>\n&#8211; Control y uso de elementos de defensas activas contra incendios<br \/>\n&#8211; Confecci\u00f3n de procedimientos de trabajos<br \/>\n&#8211; Delinear perfiles de accidentolog\u00eda y prevenci\u00f3n<br \/>\n&#8211; Confecci\u00f3n de legajo t\u00e9cnico<br \/>\n&#8211; Manejo de las exigencias de las ART<br \/>\n&#8211; Conocimiento y alcance de las legislaciones vigentes a nivel Nacional y Provincial<br \/>\n&#8211; Manejo de aspectos espec\u00edficos de emergencias como ser:<br \/>\nEspacios confinados y su definici\u00f3n, Uso de equipos especiales; Informes de seguimiento de la gesti\u00f3n de seguridad; Inspecciones de las \u00e1reas de trabajos; Confecciones de listados de chequeo; Criterios de aplicaci\u00f3n en Seguridad, Higiene y Medio Ambiente; Llevar y mantener actualizado el libro de contaminantes; etc.<\/p>\n<p><strong>Campo Laboral<\/strong>:<br \/>\nEl egresado de la carrera de T\u00e9cnico en Seguridad e Higiene en el Trabajo puede desempe\u00f1arse a nivel independiente como consultor, asesor, profesional, como as\u00ed tambi\u00e9n, en relaci\u00f3n de dependencia en empresas p\u00fablicas, privadas, centros de investigaci\u00f3n, laboratorios, ART, etc.<\/p>\n<p style=\"text-align: justify;\"><img decoding=\"async\" loading=\"lazy\" src=\"data:image\/jpeg;base64,\/9j\/4AAQSkZJRgABAQAAAQABAAD\/2wCEAAkGBw8PDxANDw8NDwwNDg8NDQ8PDQ8NDQ8PFBEWFhQRFBQYHCggGBoxGxQULTEhJSkrLi4uFyAzOD8vOCgtLi0BCgoKDg0OFBAQFywkHCQsLCwtLCwsLS0sLSwsLCwsLCstLSwsLCwsLC8sLCw0LCwsLCwsLCwsLCwsLCwsLCwsLP\/AABEIAL0BCgMBEQACEQEDEQH\/xAAcAAACAgMBAQAAAAAAAAAAAAABAgMGAAUHBAj\/xAA+EAACAgECBAQDBQUHAwUAAAABAgADEQQSBSExQQYTIlEHYYEUMlJxkSMkQqGxFTNDYnKCwVOi8CWSk6PR\/8QAGwEBAQEBAQEBAQAAAAAAAAAAAAECAwQFBgf\/xAAxEQEAAgIBAgMHBAICAwEAAAAAAQIDESEEMRJBUQUTYXGBkaEiscHwI9Hh8TJCUhX\/2gAMAwEAAhEDEQA\/ALKBPW8w4kUwEAgQDiAQJFHEA4gHEDMQMxAzEAYgDEDMQARCBiUDEAYgAiELiBkoEIGJQMQBCBAEASgQBAyAIRkD2ATDoYCAQJA2IUQIDYgECAdsA7ZBm2VWbYGbZANsIG2UDEBcQARAGIAMqBiAuIAIhAgCUAwgGAJQIQIAlAgCBkAQj3ATm6GAhTAQGAhTBZENiFHEAgSA4hdM2wM2wM2wBtg0GJUAiApEBSIQpEoBEBSIQMQAZQuIAxCBAzEqFxABEoEAQAYQJQJBkD3gTDoYCFOBIGAgOBIujAQCFkUwEGhCxsaTifivh+mYpdqqRYORrUm2wH2KrnH1k2NHd8TtADhK9Zb81pRB\/wB7A\/yjZoaPiZoD\/eJq6fm9Ksv\/AGMY8S6bvhXirh+rIWnVVM56VsTVZ\/7WwTG4JjTcFZUAiVCkQaKRCFIlCEQARKhSICkQgYgCUAwhYGGVCmAMQBiUAwBiAIQIGyAmHU6iQOBIGCwpwJFMFk2pgsDWeIeO0aCrzbiSzZFVS4NtrfhUf1PQSTaIjctUpa9orWNy5NxnxnrNVYNwAoOdukrd0T5Na4ILgHtkA9JwnNrv2e+ns+1vDFZ3afKPL1\/7UzU1FHwy4JJY7SO5OPykrki0bhnL0lsGTwZK\/n7FYsxJUEd9qFiFB6Acz\/Obm8R5vPjxTffhrM\/ItwJJ7dOQJIHKTa+61xPcK8jnyPyPMGWJ1LM12t\/h3xtqtNhUt8ysY\/d9QxdCPZLOq\/0+U6xMeThO694dX8NeJtPxBCayUuQftaHwLE+Y\/EvzEuxuiJQpEIQiUKRCFIlCESoUiApgCECApgCVAhAMoBgAwFlGQBA2iic3Q4EgcCRo6iRThZA4WBp\/F3iGvhulOpsUuxYV01g4NlpBIGewwCSflJMrpxnX8Sv1dp1Diy\/VNyYMu2lBzxVUvXGSOXfvPJkvuf1Tw+p0\/V9L09KeCJtee++3y9dfu1eu0+ppu8gqV1LAB1XY756hcLkLy7TNZpeninmrV+tmkzNL6nXM8c\/KPKI+Gnu4r5Q0iVKxZ6m3eqmvBZ8Cw+Zty3Qc89h7TNMl5vrURH5fHx5r5c3653v7hoWqAUgc2UdAMj6Thki252\/oPRXwVrSaRzMR6b+3BraamZ3sr3iupmK9GPI4JwemdveK2tERFZ1uXLrsWG83yZKbmsb169\/T\/bR6VQ5avyi72emkKxXa5PL\/AFD857bW1zvUR3flsdYvM18O5ntqZ4n+fq9HCtv2tPtQdk3N5+9kFgGw5bNvLcPY9eQjJa3u5nFrfl6fh5rU8NtWhfLOFVulOq4Uy16zTbzX5Nb0nVVYV\/MVX+9YA2GTJyPpOnS5otWIyxq2uYid6+PxhxvXU8dl68I+IV19JLKatXQRXqqWUoyPjqAee088ZnZhuyJQpEqEIhCESoUiUIRKFIhCkQhTAEAQBKgGAJUKYAgCUZA2wE5OpwJFOok2qRRIJFWRUgXv0A5\/lIrgvi3jl\/E9ZvG1dLpPNag\/wrSrf3zZyMnA\/QfXhly1iPwuSvgrE28+31ejXcCtpbS1PYjI1NBtXaUCWWBrQjMDl8YJPTOV+nzK9VW8XtWOdzr5Rx9HHNSMc8Tz3eLyq0d9m16txO8DYqtgL1X7uD0m4m81rM8S8d\/FOphvtP4db7M95097BdKbLGvGyhE8vLFcgbzj2zjuRNxjy2tM9o39Zdq4rRMzrUflVNVoq6X8wCxCxJp9asFB6bsrnHz746DqPRitGfceT3dL7TvW85K94SccTdWorRUNVbNe\/nndeSyKBtPTr90HHU45Tp7j3U8z5+nZ3r7Sy9Xe03md6\/DwXrUgq8k4sVN1tyPZndjG0KcFT17flynPUzNvFO4ntGv7t9CIpEU8NZraO87\/ALoo3OroHsJbY9gY53MgO0tnJwNzfrPVXHTUTHk8OSszad9188M6O+jh1HEaLBqdPTb52o0jKKbEFdrA2JZuOCATkHquR7T49utx166MeSupjiLeu\/Kf4+LHu5nHMxP0bfjGrXSazT8bpz9j1oFGsGNpVh6TvHZht79DUR\/FPuUmLV4+jy2jS\/fMcweee0bQhEoRhCIyJTRSIQhlQpEqFMoUiELAEAGAJULAEAGVAgCBuAJydUgEjSRRIJEEiplWTaq\/8QeInTcN1DKcWWr9nr54O6zkT9F3H6TMzpulfFOnJfC+gqvDG10TbdTW6s+1HRKbH2Ee2dvL\/IfefK6vJelf0R5Tr15nv\/fV06\/xTzr9XEfLh7+OcNdMIoJW5rNTahAQUoFWtOZIGSpDbeoDD3nHDbdfFPl+mJ9Z7z9niy4ZpSu5\/U1PiCp66q1BVa7tw2rZuYqmASVGQh5jvnn2nq6atbWmZ508uPHFZ8U8y93DtO9mmW61WcWF6zY53u+Mjmx5nlP2vQY8d+niJrG\/k5ZslvH3Si7SrSaNSFC1Mti2Jy1LuVbZgbSGxjmT29us\/Nddgt0XW191EzuN\/CPu+v7P6Suelsl761xr1Vum+tbXqszbpXZRvYZtrAz66\/w8+vLmBiefLfNekzPF\/wAbfZx9P0+PPE13NPX+Sa4VP5aaep1cNt3M6l7A3TIwADn+s44\/FG5vb\/h6uopFvDGOvP5naHRaW1rloWuxrnyoqCHeSfkOftO8Zq0pNtxr18nzs9dWis9\/RdfD3EFp0q6Yiymu+zyNe29DXttt22OUK4XCMRuU9hnOOXyOppGTN4p5mOa\/SO29+rvHQ5I6f38Tx5x569Xo4jxq39\/4fbTp7tKdUwt2E5clELNVg+g5G4Zz6mI7T3dLnimHFGu8efeHw8+SK5NLv4C4iNTw3T2AljWp07FvvE1EqC3zKhT9Z9OFb4iVlGwlCESojIlQhEoQiEKRKhTKFMIEAQBAUwgShYAgZKjcqJxdkiiSVSqJFTKJJVMqzKua\/GfUMx0WiXO+5rXUAgFnYrSg\/wDseYvaK1m0+Tpj7jx6gaGoGmp6LVurrqrZtmaNPQHFu5c+rf36+ph3M\/L9JktlyR458Ud5+cz2+z1ZbxWHg02lsFuitZQK1pS66y51fNmpAItYknONuct7jp1nu6is1x2rvvzER6R5PnxSbWmLTzPYnjTw9bfdvoVrUprXfZUoZLEbJLKT97GF5LnO84+6cdfZU1wxrNOqzP8AeHDJinH3Ktb\/AGLyqfUEDPUuMMXCnkR1znM\/ocXwY8fjpaNeHjnh4ceKb5oifOWhv4Ky6dHv3Nrb7PLrJIC1hh0bt7mfh8XtHN1nWRWJifLn4+nyfu59nYMHTTuNTHPH7PG\/ALFNbWLYuh80U+eBnABy4Q45tjccCd79PfHlmk93O3UUvijw99cRvmP7LZa7gWlVF1Wl1m\/ZeqGpqTVqAfU6uVORjCdRkZ9uk5Z6xSszMOvs+b5+opjtGvPj4NeytuNoZhZz9YYq4GMYDdRyP854onjw+T9Jl6LHetptWJ38D+eooroJLFXIJQmu1KMZUl8EZJyM9RtMsU\/ye9\/62+Tlx5fDfpMccajVp\/8AmfXj58tz4WprashwELsl1KnymN4B8tvuNkHOz0kc+ZHUzXVf+ttvxfX47VtXxRrXHz5WD4T2bH4no+W2jWC5NrbkAt3Lgf8AxCfSwzulfkzXmsL8wnVUbCURsJURkSoQyhDKhDKhTKhTAWAIQIAMBYAMIEoEDdqJydkqiZVKgkVOgmZEyrI05z46TfxvQ04qy+ht+zm0gKNQLC9eCeh3Io\/3Tnkr4qzX14+7VeJmVj8Ra3R6hdPpdRisXOl1\/nVMPIpVh5gY4wpY+jqOTMegn5n2f0OXF1G8nER+fl6u98tY82y4dXQaf7SausvZV5lZ2L+z0wB8qtfYbSM\/MntOXtDqL5M1qx2idEcNPxTbRcbSAqaixN1NeSQWTaLAv514OOu4e3OdHGTqpjHWJm3l\/p574\/fxuONOX8f1Wt0\/ErdVVeyrVcRWa7WT0MQfLx178wR15z9LHixUrhtxMPuez\/Zk+6x5piLV8+e\/PZBxXiOp1Z3XYTH+HWvlV5\/FtHeea3hpbdY1Pm+90vR\/4uZmY8t88PMN9yipDteol1UEqjDoTjsen6zVMk0nxbbzYK5493ERFo+HeD6TIzcyHdWuwYcHJyA\/IfkP0nfqM0ZPDEPN7O6XLgmc9q8RuPjrz4+hnUY3MQV6noFHyM8fyfdt4Yr4rW48\/QrX0gLcPMLWM4s3KPKVVx5RUD1HnvJ5d1+c9FsMxjrvu+HT2lvq8torumoj7efy3L16LiiWV0aZ7UR1dLqrMAFN+828\/bGDg9wJ474fBe2Wtd8TEx661p4PakYMmGu53aYiZ+cz+PNbPhRQo1HEmRPLTboPTkthmS125nmfvfzn2o44h+Y8OnQ2E3DKJhNIjYQIyJUI0qIzKhDKFMqFMqFMAQAYQsAGAICwjJRvFE4uyVRMqmQSSr0IJlUyCRXMvjlpCiaTWqoYL5+jsB+7ixNyk\/kUMxaviiI26Yr+Cbcb3Ex91d0fifT1CklLban07q9f\/QoF1r17c8nX9q+QOgUCea\/R3zViKzuabeDJSbRXnmP7D0+GeJPqNPRRdd6Ur8mivzCtTUjkFA6FgORB5\/SXJ7PjHrL4d+Lnffnz+Tn1efNFv0zOoWrT02vZRplZba7XrrFmQz1CrzLBWW\/iz2B5jac55Cc8PS36e0Z8dPP8y9nQ9T7zc3\/8oifrvUfj8vclGk1TGuobrqbj5htqXzNqo6k1tjdtzjIPsPadcPVXzZItk5+nzfoK4M3S1re\/FbRuNTxudd\/jrsq\/izgJqsZtoXIBZOQbOPvAdxyjrMMb8cS\/S+y+rpkxxWPv\/Cp6LQ3Bjetb+WCa\/M2kIGI5Dd0zynjiN1d58MZ9bjep48\/s9euqZ9gsbcSETKrXWoCLjmFAz0HM\/wDM3vmJar01Yr4NzqZ55+rytX5bHYgJszU77SfLVgcnPZiFZQT2Zvp26aJnI8HtnHijHWI4mZ389evq8\/EWAVl25CgbiBkJk4H9T0no6qazNa75fHwZIxzbxRxMKx5RsLkHCKSQTk7jn0oPn\/8Ahlrxr1fKz5Im1oj127X8GuFmnhxvb72suNi5H+Gg2Kf1DH6zpDxXXhxNMInE1CIWlRG0ojMqEMIQyoQyoUyhTKgQFMIEAQBAEAQjerOLumSQTpMyqdJlp6KxCtV408P\/ANpaC\/R5C2Ooelj0FyHcmflkYPyJmR8vuLEsNF5es0lqmUruaplJ9O3I\/ijtuYPd75iFw8P6ZPL3eXXbTfSbyRua7SvWCpyuckFiPVjljPafRw0rj93abRMT+HC+DJe36eJrP3iXSuEgHTF7mc2s6CgVs1FaOMsWUj2x8zzn0+px1yWilda1zL14Og\/yxXH31zPdng29U4lYzsx8x7PU5XO5u5wAOv5T8f1tq9Jm32rFufhuO\/3l+o9oYL\/\/AJ9K+kQ6BxjhVF6N5iKSATnmO3fE4+0emp7u+eszF4idTE\/vHaX5zpeqy4bR4Lacz8R3tSp0gby9Izq61qFA3AHG3l15DInzvZnU2yYJi198v1nQ0pktGeY3eONud6ziDBmfdgjlgldoHcfOe+Im0vqZc1cdd7arT8WrW7dY13lnLN5GPU+07BtYgFQW\/TOPee7FWa8vyvXdZF7brzPr\/pDquNbkKhQN+fM9Xqxy9I5cs+\/OJwRbJOSZeDN1c+HVYTcJ4UdRqatHpnNhvsVA4UrjI9T4PTamf5zpWZnm0afPpaZ5mH0jpNIlFVdFQC1UotdajsqjA\/pOiSx5RC01DKFpURtKIzKhDKhDKhDKhTAQyoEoBgLAEIBgCAIG+WcXZMkzKpkkVOkysPTXJLRtTq66K3vuda6alL2OxwqqOpMyPmzx9xKrievv1uj01i0Iiec+0kvg7fPcD7mcqOfsO+ZJerFXUcp\/BHCtJcWbVf3KK72srOttKKAfOKj7yc+ozjlnkZIpz+rs6Z8uakROGefosFHDkqTTF\/PWuywt9py4ruqONpr3AAMA2DnGT0zmfR6SMF\/0Tk\/V85jf1fR6X2paJtOo7dtefn9P7KzcV8O26f8AetGz3aXYHLkjzUbuGHKeLrcFLVncc+cd4n4vpdH7Up1P+LPEVt+JbrhOt1uupdFuRSowVYgO35Ec\/efmstb2vOKt5tXv4ZtHPwjff7vF1WHpeky1tNJnf2UvjLcQ01xZLx59QzysptKhu3qzzmfD02SPDNNRPlrX7cPs0jpuowcV4n4TG9KFxrX22NZqG9VrELY\/2VKwp99y8g2T169J9np8cVrWte0dnx+p8OKs0jv6TG\/tMq4Ryz2ziet8W2mK4Hv7\/LPY\/wAzNRDhkjcah3P4QeETpqP7R1A\/etUmaVOP2WnbDZ\/1NyP5AfOVz7cOhNKygeBC01CSiaaZRNKIzKhDCEMoQyoUyoUwFlQDKBABhCmAIAgb1ZxdkyTMqnSZWE6GRU9Zkaca+Nni1LmThmnsDV0t5msKHKG0fcqyOuOZPzx7RELXuvXwk8LJpOGBrq1a7iK+bqFdQf2LDFdRB7bSSR7sZlq9tzpRfiL8O79ALNRod1nDLGD2VYL26Q\/iHcp8x0HXPWdK3mazjmf0z6+Xxbrk3MTPd6PBnjZLXrr4g7q1dTVCw7G0t4KphbVbC5JGcjB+78yflZ+lvgtMxvXw5\/nt8uWL1mJ8VVv4h4+o0zfZrFpvoal2wtwt245ConmD0PXH6Sx1N5pNZiJ+f8vf0fRz1EeOs+G0THP8+X4cw4j4gs09r2U7qwzF613Z2qei5B5jmefeeSvTUzRq0bfp8\/U1jFrJETOv7LoPhTxfptXRuHl0XJgXVAYJPugHMg\/1n5zr\/ZmbDk1G7VntP+3xPdzkndZm38fNp\/GPi2qvS306dUNup316tbKDYiqeVYI+5v8AScEkkDPLPT73sfFlw01M7if7wzm6b9f+S2tRxrz\/AOHIadK9u2mqqy26x8VrWGdzgcwFAye36T9Bvh8+1dTyvdPwk1Q4dfrLiU1qILdPpFwxKLzcWH8ZXOFHcc+uA288zC2fBfxL9o0jcPsbN2jANOTzbTseQ\/2nl+RWaYl0NjKwgcwIWmoSUTTSImlQhhCGUIZUIZYQplQpgKZUCADABlQDAUwBA3imcXZMhklUyGZVmq1aU1WX2HFdNb2uf8qgk\/0mRwLxH8QuI61nAufT6ZshaKT5fo9ncepj788TfhNtV4O4T9t1+l0uCUsuU24GcVL6nJ9hgY+sluzdZ5fVtRAAA5AcgOwE5CdWhFP8SfDPhuuLOEbS3Mcs+mwiuc5y9f3W\/PAMkw6UyWr8VN13wu1+nGNI+k1NSubK1Zfs2pRsHbizvg4PNu0zeLTTwca+XL24urpEzM7ie3fj7KlxLwDx2w89DYcszH9rpjlieZLbsn6zNMfhhrJ1FJ7W\/dTBZbprWUh67EY12ocqeR9SMPp0m5rFo1LlTLNZiYXTwR4LHF6bSmvrrsqz+7Gtms77GbmPRk9RnvMxjjbtl6yZ1uE\/wq40vDOJ26TVAILydI7nH7G9HIGT2UnIP0mocM0eKNw7y7TTyPnvxlXbwLjL36IogtQ6ilSNyKtuQ9ZXPTcCQP8AT7TUJMtv4V+LVptWniK1Gqw7ftFa+WayehdehX5jGPnNaTTq5bPPseY9oRGxmoSUTGVETGVCGEIZQplQhiEKZoKYQphGGUKYAMIWVQMIEDdqZxdkimQTKZmVVH4r8WWjhllWf2usZaEHcrkNYfy2jH+4RWOSZcIUEnABJJAAAyST0AHczaPoH4X+Dxw6jzrlH2\/UqDbnBNKdRSP+fc\/kJxmdunbhfFaRUyvIJVeA2+Bm+Qcc+Nngo2f+raWss4GNdWgyzKB6bwO5AGD8sHsZWqz5OQ8G4tfo7k1OnsNd1ZyrDoR3Ujup7gw6xPlL3eIuJrrdTZrAgrOo22W1jmou2gWFfkSCef4vrLEba3qNOmeFPibXXw511jFtZo0C0jPq1Q6IM\/iHLJ9ucsxpxtG5cj41xO7V32aq9t91zbmPYeyqOygcgJYZl4ZUfRPgDWtdwvSuxJZazUSeZPlsUB\/RRDLfMZqGUTGURmEIZQhhCmaQhhCmUCELKAYAhAMoWVAMBYG5BnF2SbwBkkADmSeQAkFT498SNBpcpUx1d45baSDUD\/mt6fpkyaNuQeI\/EGo4hedRqGHTbVWvKupPwqP6nqf0lgX\/AOEnhDey8U1K+hTnRow+83\/XI9h\/D+vtM2nbUcOwq0w0lV4EivIqQPIG3wM3wEZ4HIfiL8L95fW8NUBzlrtIMAMe7U+x\/wAvft7Sw1tx1gyMVYFXUlXVgVZSOqkHmDLC72fzMzW9ojeER5kR9HeC+HNpeHaWhxixag1g7h3Jdh+rSsy3DGaZRtKI2hCGUIZYQplCmEKZUKYQIAMoBhAMoWUAwhYHh8V+MaOHjZ\/e6ojKUqcY9mc\/wj+ZnF125Lx7xRrNcSL7T5RPKmv0Uj\/aPvfXMo00ouHw98HniFvnXKRoaW9fbznH+Evy9z9O\/LFpah3eoBQFUBVUBVAGAAOgAnNpMrQJA0gkV4U4eRR3yDN8oUvGgheEc8+K\/hFdZQdbQg+26ZSzbRhr6R1U+7DqPqO8ptwjMN7NumtslYH9ehkH0vwHX\/adJp9R3uorsP8AqKjI\/XMsMS9hM2hCYCGVCGEKZQplCmEKZUKYQIAgLKgGUCAplAhHAb7msdrHZnsdizsxyzMepJnN0JA3vhHw3ZxG8VLlaEw2otxyRPYe7Ht+vaSZWI273w7SV6epKKVCVVKFRR2H\/J+cxpp7A0ypw0gkV4UweQPvhR3wBvgAvCbKXgIzQPnj4k8BGh4hYEGNPqP3ikdl3H1oPybP0IlWJVYGFTM4IwR8wfYzXEwz2l2r4T63zOGrUTltNbZV\/tJ3r\/J\/5RCSuJMqEJlCmApMBDNMlMIUyhYQDKFMIEAGVCmADKBAEI+fZh0bPw9wS7XXrp6R\/mscj0VV93b\/AIHcyTKxDu3AeEU6KhdPSuFXmzH79j93Y+8yraAwpwZA4aZDhoUwaRRDQDvkGb4ALSgFoCFoFZ8eeGl4lpTWNo1VWbNM55evHNCfwnp+h7Qj58trZGZGBV0Yo6kYZWBwQfnkQ2UGBcvhhx5tNrF07N+76sitgei2fwN+vL6zUSzLtpMrJCZQCYCkyhCZWSkwgZgKTKgGAuZUDMAQAZQDCFgZA4Twrh1uqtWild1j\/RVHdmPYfOYbdx8L8Bq0FApr9TthrrcYax\/f5D2Eit0DIpwYDAwGDSKcNICGkUd0A7oGboA3QAWkClpQuYHzDxC5rLrbHGHsusdweoZnJI\/Uw1Dz5kVJRaUZXU4ZGDA+xByIR9HcI4gNTp6dQvS6tXPyYj1D9c\/pOjD1EyoUmApgKYQCZULAEoBgKZUAwgQAYAgAyoEDx+FfDlXD6ti+u58G+4jDO3sPZR2H\/Mw23oMKYGQMDCmBkDAyBgYUd0gIaNDN0DN0gzdLoAmACYC5lHEPijwH7LrDqEGNPrC1gx0W7\/EX+efqfaZlYUyRpkC9+CfHP2OuvSW17qPNYtbvw1SNjouOYzkn85urMuuo4IDAgqQCCOYIPQzTLCYCkwBmECVAgAwpTKAYZLKBCAYAgCAJR7hMKYQpgZFMDAbMAgyKIMgbMLtmYGZgZmBmYAzAGYGEwNT4l4LVr9O+ms5Z9VbgZauwdGH\/AJ0MDg\/HeC36G40Xrg8yjjnXYv4lPf8ALtM6aiWuhTV9ZYSXVvhj4i8xPsFrftKgW05P8VY6p+Y\/p+U2wvpMBSYQMwBKgZhAzChmACZUCADKhYGGAIAge0TKmEKIkDCFMDAMiszAOYBzIMzAwmBmYAzAzMoBMAQKv8R9MtnDNSWAzWqWocAlWWxentyyPrEkOGgTDZhNQkvfwq5676rEYrYlqFWHUHM0y+gjCFMAQgShTCMlCwMgCEAygQAYAgCB\/9k=\" width=\"266\" height=\"189\" border=\"0\" \/><\/p>\n<h1 class=\"Borde_punteado\"><span style=\"font-family: 'arial black', 'avant garde';\">Tu puedes llegar a ser uno de los futuros t\u00e9cnicos !!!!!<\/span><\/h1>\n<p>Realizado por Lic. Esteban L. Lowinger Prof. Pr\u00e1ctica Profesional<\/p>\n","protected":false},"excerpt":{"rendered":"<p>\u00a0 \u00a0 \u00a0 \u00a0 \u00a0 \u00a0\u00a0 Tu puedes ser un T\u00e9cnico en Seguridad e Higiene en el Trabajo Al\u00a0finalizar la carrera\u00a0ser\u00e1s\u00a0un asistente juicioso y ordenado, siempre con sus convicciones en mente y por encima de todo, preocupado por la calidad de vida de las personas. Creyente y practicante de la prevenci\u00f3n y la integridad. Complementa &#8230; <a title=\"Informaci\u00f3n para alumnos\" class=\"read-more\" href=\"https:\/\/isfdr6027-sal.infd.edu.ar\/sitio\/informacion-para-alumnos\/\" aria-label=\"More on Informaci\u00f3n para alumnos\">[+]<\/a><\/p>\n","protected":false},"author":261,"featured_media":0,"parent":0,"menu_order":0,"comment_status":"closed","ping_status":"closed","template":"","meta":[],"acf":[],"_links":{"self":[{"href":"https:\/\/isfdr6027-sal.infd.edu.ar\/sitio\/wp-json\/wp\/v2\/pages\/872"}],"collection":[{"href":"https:\/\/isfdr6027-sal.infd.edu.ar\/sitio\/wp-json\/wp\/v2\/pages"}],"about":[{"href":"https:\/\/isfdr6027-sal.infd.edu.ar\/sitio\/wp-json\/wp\/v2\/types\/page"}],"author":[{"embeddable":true,"href":"https:\/\/isfdr6027-sal.infd.edu.ar\/sitio\/wp-json\/wp\/v2\/users\/261"}],"replies":[{"embeddable":true,"href":"https:\/\/isfdr6027-sal.infd.edu.ar\/sitio\/wp-json\/wp\/v2\/comments?post=872"}],"version-history":[{"count":1,"href":"https:\/\/isfdr6027-sal.infd.edu.ar\/sitio\/wp-json\/wp\/v2\/pages\/872\/revisions"}],"predecessor-version":[{"id":905,"href":"https:\/\/isfdr6027-sal.infd.edu.ar\/sitio\/wp-json\/wp\/v2\/pages\/872\/revisions\/905"}],"wp:attachment":[{"href":"https:\/\/isfdr6027-sal.infd.edu.ar\/sitio\/wp-json\/wp\/v2\/media?parent=872"}],"curies":[{"name":"wp","href":"https:\/\/api.w.org\/{rel}","templated":true}]}}