{"id":876,"date":"2018-08-31T13:59:33","date_gmt":"2018-08-31T16:59:33","guid":{"rendered":"https:\/\/isfdr6027-sal.infd.edu.ar\/sitio\/calendario-academico-2\/"},"modified":"2021-10-21T09:32:00","modified_gmt":"2021-10-21T12:32:00","slug":"calendario-academico-2","status":"publish","type":"page","link":"https:\/\/isfdr6027-sal.infd.edu.ar\/sitio\/calendario-academico-2\/","title":{"rendered":"Calendario Acad\u00e9mico"},"content":{"rendered":"<p style=\"text-align: center;\"><span style=\"font-size: 12pt; font-family: tahoma, arial, helvetica, sans-serif;\"><strong>ANEXO VIII<\/strong><\/span><\/p>\n<p style=\"text-align: center;\"><span style=\"font-size: 12pt; font-family: tahoma, arial, helvetica, sans-serif;\"><strong>CALENDARIO ESCOLAR 2021<\/strong><\/span><\/p>\n<p style=\"text-align: center;\"><span style=\"font-size: 12pt; font-family: tahoma, arial, helvetica, sans-serif;\"><strong>NIVEL DE EDUCACI\u00d3N SUPERIOR<\/strong><\/span><\/p>\n<p style=\"text-align: center;\"><span style=\"font-size: 12pt; font-family: tahoma, arial, helvetica, sans-serif;\"><strong>PERIODO LECTIVO<\/strong><\/span><\/p>\n<p><span style=\"font-family: tahoma, arial, helvetica, sans-serif;\"><strong>R\u00c9GIMEN COM\u00daN<\/strong><\/span><\/p>\n<p><span style=\"font-family: tahoma, arial, helvetica, sans-serif;\">1\u00ba Cuatrimestre: 08\/03\/21 al 02\/07\/21<\/span><\/p>\n<p><span style=\"font-family: tahoma, arial, helvetica, sans-serif;\">2\u00ba Cuatrimestre: 09\/08\/21 al 26\/11\/21<\/span><\/p>\n<p><span style=\"font-family: tahoma, arial, helvetica, sans-serif;\"><strong>FEBRERO &#8211; MARZO \/21<\/strong><\/span><\/p>\n<p><span style=\"font-family: tahoma, arial, helvetica, sans-serif;\">08\/02 al 09\/02&#8230;&#8230;&#8230;&#8230;. Actividades de Organizaci\u00f3n Institucional.<\/span><\/p>\n<p><span style=\"font-family: tahoma, arial, helvetica, sans-serif;\">10\/02 al 05\/03&#8230;&#8230;&#8230;&#8230;. Turno Ordinario de Ex\u00e1menes. Dos (2) llamados.<\/span><\/p>\n<p><span style=\"font-family: tahoma, arial, helvetica, sans-serif;\">12\/02 al 06\/03&#8230;&#8230;&#8230;&#8230;. Per\u00edodo de Orientaci\u00f3n, Ambientaci\u00f3n y Nivelaci\u00f3n. (Obligatorio para alumnos ingresantes. Se desarrollar\u00e1 con un m\u00ednimo de dos (2) semanas y un m\u00e1ximo de tres (3) semanas).<\/span><\/p>\n<p><span style=\"font-family: tahoma, arial, helvetica, sans-serif;\">08\/03 y 09\/03 &#8230;&#8230;&#8230;&#8230;.. Inscripciones.<\/span><\/p>\n<p><span style=\"font-family: tahoma, arial, helvetica, sans-serif;\">08\/03 &#8230;&#8230;&#8230;&#8230;&#8230;&#8230;&#8230;&#8230;.. Inicio de Per\u00edodo Lectivo.<\/span><\/p>\n<p>&#8230;&#8230;&#8230;&#8230;&#8230;&#8230;&#8230;&#8230;&#8230;&#8230;&#8230;&#8230;&#8230;.. <span style=\"font-family: tahoma, arial, helvetica, sans-serif;\">Inicio del Primer Cuatrimestre.<\/span><\/p>\n<p><span style=\"font-family: tahoma, arial, helvetica, sans-serif;\"><strong>ABRIL \/21<\/strong><\/span><\/p>\n<p><span style=\"font-family: tahoma, arial, helvetica, sans-serif;\">05 al 30 &#8230;&#8230;&#8230;&#8230;&#8230;&#8230;&#8230;.. Turno Extraordinario de Ex\u00e1menes. Sin suspensi\u00f3n de clases. (De acuerdo a lo normado en <a title=\"Res. 2484-13 RAM\" href=\"http:\/\/dges.sal.infd.edu.ar\/sitio\/upload\/Res._2484-13_RAM.pdf\" target=\"_blank\" rel=\"noopener\">Resoluci\u00f3n Ministerial N\u00ba 2.484\/13<\/a>).<\/span><\/p>\n<p><span style=\"font-family: tahoma, arial, helvetica, sans-serif;\"><strong>JUNIO &#8211; JULIO &#8211; AGOSTO \/21<\/strong><\/span><\/p>\n<p><span style=\"font-family: tahoma, arial, helvetica, sans-serif;\">02\/07 &#8230;&#8230;&#8230;&#8230;&#8230;&#8230;&#8230;&#8230;.. Finalizaci\u00f3n del Primer Cuatrimestre.<\/span><\/p>\n<p><span style=\"font-family: tahoma, arial, helvetica, sans-serif;\">28\/06\u00a0 al 02\/07&#8230;&#8230;&#8230;..Semana de consulta. (Obligatorio para los docentes, en el horario correspondiente a cada espacio curricular).<\/span><\/p>\n<p><span style=\"font-family: tahoma, arial, helvetica, sans-serif;\">12\/07 al 23\/07&#8230;&#8230;&#8230;&#8230;Receso escolar de invierno.<\/span><\/p>\n<p><span style=\"font-family: tahoma, arial, helvetica, sans-serif;\">03\/07 al 04\/08&#8230;&#8230;&#8230;&#8230;Turno Ordinario de Ex\u00e1menes. Dos (2) llamados. Uno antes del receso y otro despu\u00e9s.<\/span><\/p>\n<p><span style=\"font-family: tahoma, arial, helvetica, sans-serif;\">09\/08&#8230;&#8230;&#8230;&#8230;&#8230;&#8230;&#8230;&#8230;..Inicio del Segundo Cuatrimestre.<\/span><\/p>\n<p><span style=\"font-family: tahoma, arial, helvetica, sans-serif;\"><strong>SETIEMBRE \/21<\/strong><\/span><\/p>\n<p><span style=\"font-family: tahoma, arial, helvetica, sans-serif;\">01 al 30 &#8230;&#8230;&#8230;&#8230;&#8230;&#8230;&#8230;.. Turno Extraordinario de Ex\u00e1menes. Sin suspensi\u00f3n de clases. (De acuerdo a lo normado en <a title=\"Res. 2484-13 RAM\" href=\"http:\/\/dges.sal.infd.edu.ar\/sitio\/upload\/Res._2484-13_RAM.pdf\" target=\"_blank\" rel=\"noopener\">Resoluci\u00f3n Ministerial N\u00ba 2.484\/13<\/a>).<\/span><\/p>\n<p><span style=\"font-family: tahoma, arial, helvetica, sans-serif;\"><strong>NOVIEMBRE &#8211; DICIEMBRE \/21<\/strong><\/span><\/p>\n<p><span style=\"font-family: tahoma, arial, helvetica, sans-serif;\">23\/11\u00a0 al 26\/11&#8230;&#8230;&#8230;&#8230;. Semana de consulta. (Obligatorio para los docentes, en el horario correspondiente a cada espacio curricular).<\/span><\/p>\n<p><span style=\"font-family: tahoma, arial, helvetica, sans-serif;\">26\/11 &#8230;&#8230;&#8230;&#8230;&#8230;&#8230;&#8230;&#8230;.. Finalizaci\u00f3n del Segundo Cuatrimestre.<\/span><\/p>\n<p><span style=\"font-family: tahoma, arial, helvetica, sans-serif;\">&#8230;&#8230;&#8230;&#8230;&#8230;&#8230;&#8230;&#8230;&#8230;&#8230;&#8230;&#8230; Finalizaci\u00f3n de clases.<\/span><\/p>\n<p><span style=\"font-family: tahoma, arial, helvetica, sans-serif;\">06\/12\u00a0 al 30\/12 &#8230;&#8230;&#8230;&#8230; Turno Ordinario de Ex\u00e1menes. Dos (2) llamados.<\/span><\/p>\n<p><span style=\"font-family: tahoma, arial, helvetica, sans-serif;\">06\/12 al 10\/12 &#8230;&#8230;&#8230;&#8230;. Preinscripciones Per\u00edodo Lectivo 2022.<\/span><\/p>\n<p><span style=\"font-family: tahoma, arial, helvetica, sans-serif;\"><strong>FEBRERO &#8211; MARZO \/22<\/strong><\/span><\/p>\n<p><span style=\"font-family: tahoma, arial, helvetica, sans-serif;\">10\/02 y 11\/02 &#8230;&#8230;&#8230;&#8230;. Actividades de Organizaci\u00f3n Institucional.<\/span><\/p>\n<p><span style=\"font-family: tahoma, arial, helvetica, sans-serif;\">14\/02 al 05\/03 &#8230;&#8230;&#8230;&#8230;. Turno Ordinario de Ex\u00e1menes. Dos (2) llamados.<\/span><\/p>\n<p><span style=\"font-family: tahoma, arial, helvetica, sans-serif;\">Observaci\u00f3n: Los d\u00edas s\u00e1bados son considerados h\u00e1biles para actividades institucionales.<\/span><\/p>\n<p><span style=\"font-family: tahoma, arial, helvetica, sans-serif;\">Descarg\u00e1 el calendario aqu\u00ed: <a href=\"http:\/\/www.edusalta.gov.ar\/index.php\/docentes\/normativa-educativa\/resoluciones\/calendario-escolar-2021\/5878-calendario-escolar-periodo-lectivo-2021\/file\">Calendario 2021<\/a><\/span><\/p>\n<p>\u00a0<\/p>\n\n\n<p><\/p>\n","protected":false},"excerpt":{"rendered":"<p>ANEXO VIII CALENDARIO ESCOLAR 2021 NIVEL DE EDUCACI\u00d3N SUPERIOR PERIODO LECTIVO R\u00c9GIMEN COM\u00daN 1\u00ba Cuatrimestre: 08\/03\/21 al 02\/07\/21 2\u00ba Cuatrimestre: 09\/08\/21 al 26\/11\/21 FEBRERO &#8211; MARZO \/21 08\/02 al 09\/02&#8230;&#8230;&#8230;&#8230;. Actividades de Organizaci\u00f3n Institucional. 10\/02 al 05\/03&#8230;&#8230;&#8230;&#8230;. Turno Ordinario de Ex\u00e1menes. Dos (2) llamados. 12\/02 al 06\/03&#8230;&#8230;&#8230;&#8230;. Per\u00edodo de Orientaci\u00f3n, Ambientaci\u00f3n y Nivelaci\u00f3n. (Obligatorio para &#8230; <a title=\"Calendario Acad\u00e9mico\" class=\"read-more\" href=\"https:\/\/isfdr6027-sal.infd.edu.ar\/sitio\/calendario-academico-2\/\" aria-label=\"More on Calendario Acad\u00e9mico\">[+]<\/a><\/p>\n","protected":false},"author":261,"featured_media":0,"parent":0,"menu_order":0,"comment_status":"closed","ping_status":"closed","template":"","meta":[],"acf":[],"_links":{"self":[{"href":"https:\/\/isfdr6027-sal.infd.edu.ar\/sitio\/wp-json\/wp\/v2\/pages\/876"}],"collection":[{"href":"https:\/\/isfdr6027-sal.infd.edu.ar\/sitio\/wp-json\/wp\/v2\/pages"}],"about":[{"href":"https:\/\/isfdr6027-sal.infd.edu.ar\/sitio\/wp-json\/wp\/v2\/types\/page"}],"author":[{"embeddable":true,"href":"https:\/\/isfdr6027-sal.infd.edu.ar\/sitio\/wp-json\/wp\/v2\/users\/261"}],"replies":[{"embeddable":true,"href":"https:\/\/isfdr6027-sal.infd.edu.ar\/sitio\/wp-json\/wp\/v2\/comments?post=876"}],"version-history":[{"count":1,"href":"https:\/\/isfdr6027-sal.infd.edu.ar\/sitio\/wp-json\/wp\/v2\/pages\/876\/revisions"}],"predecessor-version":[{"id":919,"href":"https:\/\/isfdr6027-sal.infd.edu.ar\/sitio\/wp-json\/wp\/v2\/pages\/876\/revisions\/919"}],"wp:attachment":[{"href":"https:\/\/isfdr6027-sal.infd.edu.ar\/sitio\/wp-json\/wp\/v2\/media?parent=876"}],"curies":[{"name":"wp","href":"https:\/\/api.w.org\/{rel}","templated":true}]}}