{"id":924,"date":"2021-10-21T21:45:22","date_gmt":"2021-10-22T00:45:22","guid":{"rendered":"https:\/\/isfdr6027-sal.infd.edu.ar\/sitio\/?page_id=924"},"modified":"2021-10-21T22:04:47","modified_gmt":"2021-10-22T01:04:47","slug":"profesorado-de-educacion-secundaria-en-historia","status":"publish","type":"page","link":"https:\/\/isfdr6027-sal.infd.edu.ar\/sitio\/profesorado-de-educacion-secundaria-en-historia\/","title":{"rendered":"Profesorado de Educaci\u00f3n Secundaria en Historia"},"content":{"rendered":"\n<h5 class=\"has-text-align-center wp-block-heading\"><span class=\"has-inline-color has-vivid-red-color\"><strong>Resoluci\u00f3n N\u00b0 798\/14 Ministerio de Educaci\u00f3n, Ciencia y Tecnolog\u00eda<\/strong><\/span><\/h5>\n\n\n\n<p>T\u00edtulo a otorgar: <span class=\"has-inline-color has-vivid-red-color\">Profesor\/a de Educaci\u00f3n Secundaria en Historia<\/span><\/p>\n\n\n\n<p>Duraci\u00f3n de la Carrera: <span class=\"has-inline-color has-vivid-red-color\">4 a\u00f1os<\/span><\/p>\n\n\n\n<p>Carga Horaria total de la Carrera: <span class=\"has-inline-color has-vivid-red-color\">2880 hs. reloj &#8211; 3840 hs. c\u00e1tedra.<\/span><\/p>\n\n\n\n<p class=\"has-text-align-center\"><strong><span class=\"has-inline-color has-vivid-red-color\">Perfil del Egresado<\/span><\/strong><\/p>\n\n\n\n<p>En la actualidad uno de los desaf\u00edos que presenta la Formaci\u00f3n Docente Inicial para los Profesorados de Educaci\u00f3n Secundaria es la necesidad de resignificar la profesi\u00f3n docente en el marco de las nuevas demandas del nivel y de las nuevas culturas juveniles.<\/p>\n\n\n\n<p>Resignificar la misma redundar\u00e1 en el fortalecimiento de pol\u00edticas educativas que garanticen la inclusi\u00f3n y calidad de los aprendizajes en contextos diversificados de los estudiantes.<\/p>\n\n\n\n<p>Ello implica la necesaria autonom\u00eda y responsabilidad profesional para la genuina toma personal de decisiones para ense\u00f1ar, como una actividad comprometida, simbolizante, enriquecedora, y para construir espacios de producci\u00f3n compartida y colaborativa en las instituciones educativas en las que la labor del equipo docente pueda primar por sobre el trabajo individual y aislado.<\/p>\n\n\n\n<p>Se aspira a formar un\/a profesor\/a para la Educaci\u00f3n Secundaria que sea un profesional comprometido con la disciplina y su ense\u00f1anza, mediador intercultural, animador de una comunidad educativa, promotor del respeto a la vida y a la ley en una sociedad democr\u00e1tica y que desde una comprensi\u00f3n real de la disciplina, logre contribuir a formar ciudadanos cient\u00edficamente alfabetizados.<\/p>\n\n\n\n<p><\/p>\n","protected":false},"excerpt":{"rendered":"<p>Resoluci\u00f3n N\u00b0 798\/14 Ministerio de Educaci\u00f3n, Ciencia y Tecnolog\u00eda T\u00edtulo a otorgar: Profesor\/a de Educaci\u00f3n Secundaria en Historia Duraci\u00f3n de la Carrera: 4 a\u00f1os Carga Horaria total de la Carrera: 2880 hs. reloj &#8211; 3840 hs. c\u00e1tedra. Perfil del Egresado En la actualidad uno de los desaf\u00edos que presenta la Formaci\u00f3n Docente Inicial para los &#8230; <a title=\"Profesorado de Educaci\u00f3n Secundaria en Historia\" class=\"read-more\" href=\"https:\/\/isfdr6027-sal.infd.edu.ar\/sitio\/profesorado-de-educacion-secundaria-en-historia\/\" aria-label=\"More on Profesorado de Educaci\u00f3n Secundaria en Historia\">[+]<\/a><\/p>\n","protected":false},"author":565,"featured_media":0,"parent":0,"menu_order":0,"comment_status":"closed","ping_status":"closed","template":"","meta":[],"acf":[],"_links":{"self":[{"href":"https:\/\/isfdr6027-sal.infd.edu.ar\/sitio\/wp-json\/wp\/v2\/pages\/924"}],"collection":[{"href":"https:\/\/isfdr6027-sal.infd.edu.ar\/sitio\/wp-json\/wp\/v2\/pages"}],"about":[{"href":"https:\/\/isfdr6027-sal.infd.edu.ar\/sitio\/wp-json\/wp\/v2\/types\/page"}],"author":[{"embeddable":true,"href":"https:\/\/isfdr6027-sal.infd.edu.ar\/sitio\/wp-json\/wp\/v2\/users\/565"}],"replies":[{"embeddable":true,"href":"https:\/\/isfdr6027-sal.infd.edu.ar\/sitio\/wp-json\/wp\/v2\/comments?post=924"}],"version-history":[{"count":2,"href":"https:\/\/isfdr6027-sal.infd.edu.ar\/sitio\/wp-json\/wp\/v2\/pages\/924\/revisions"}],"predecessor-version":[{"id":926,"href":"https:\/\/isfdr6027-sal.infd.edu.ar\/sitio\/wp-json\/wp\/v2\/pages\/924\/revisions\/926"}],"wp:attachment":[{"href":"https:\/\/isfdr6027-sal.infd.edu.ar\/sitio\/wp-json\/wp\/v2\/media?parent=924"}],"curies":[{"name":"wp","href":"https:\/\/api.w.org\/{rel}","templated":true}]}}