{"id":930,"date":"2023-06-29T20:00:46","date_gmt":"2023-06-29T23:00:46","guid":{"rendered":"https:\/\/isfdr6027-sal.infd.edu.ar\/sitio\/?page_id=930"},"modified":"2023-06-29T22:03:09","modified_gmt":"2023-06-30T01:03:09","slug":"oferta-academica-2024","status":"publish","type":"page","link":"https:\/\/isfdr6027-sal.infd.edu.ar\/sitio\/oferta-academica-2024\/","title":{"rendered":"Oferta Acad\u00e9mica 2024"},"content":{"rendered":"\n<p><\/p>\n\n\n\n<p class=\"has-contrast-color has-light-green-cyan-to-vivid-green-cyan-gradient-background has-text-color has-background has-medium-font-size\"><strong>Profesorado de Educaci\u00f3n Secundaria en Biolog\u00eda<\/strong> (Res. N\u00b0 510\/14 &#8211; Ministerio de Educaci\u00f3n, Cultura, Ciencia y Tecnolog\u00eda)<\/p>\n\n\n\n<p class=\"has-electric-grass-gradient-background has-background has-medium-font-size\"><strong>Tecnicatura Superior en Biolog\u00eda<\/strong> (Res. N\u00b0 9523\/19 &#8211; Ministerio de Educaci\u00f3n, Cultura, Ciencia y Tecnolog\u00eda)<\/p>\n\n\n\n<p class=\"has-text-align-center has-very-light-gray-to-cyan-bluish-gray-gradient-background has-background has-medium-font-size\">Preinscipciones: 11 al 15 de diciembre de 2023 de 19:30 a 22:30<\/p>\n","protected":false},"excerpt":{"rendered":"<p>Profesorado de Educaci\u00f3n Secundaria en Biolog\u00eda (Res. N\u00b0 510\/14 &#8211; Ministerio de Educaci\u00f3n, Cultura, Ciencia y Tecnolog\u00eda) Tecnicatura Superior en Biolog\u00eda (Res. N\u00b0 9523\/19 &#8211; Ministerio de Educaci\u00f3n, Cultura, Ciencia y Tecnolog\u00eda) Preinscipciones: 11 al 15 de diciembre de 2023 de 19:30 a 22:30<\/p>\n","protected":false},"author":565,"featured_media":0,"parent":0,"menu_order":0,"comment_status":"closed","ping_status":"closed","template":"","meta":[],"acf":[],"_links":{"self":[{"href":"https:\/\/isfdr6027-sal.infd.edu.ar\/sitio\/wp-json\/wp\/v2\/pages\/930"}],"collection":[{"href":"https:\/\/isfdr6027-sal.infd.edu.ar\/sitio\/wp-json\/wp\/v2\/pages"}],"about":[{"href":"https:\/\/isfdr6027-sal.infd.edu.ar\/sitio\/wp-json\/wp\/v2\/types\/page"}],"author":[{"embeddable":true,"href":"https:\/\/isfdr6027-sal.infd.edu.ar\/sitio\/wp-json\/wp\/v2\/users\/565"}],"replies":[{"embeddable":true,"href":"https:\/\/isfdr6027-sal.infd.edu.ar\/sitio\/wp-json\/wp\/v2\/comments?post=930"}],"version-history":[{"count":2,"href":"https:\/\/isfdr6027-sal.infd.edu.ar\/sitio\/wp-json\/wp\/v2\/pages\/930\/revisions"}],"predecessor-version":[{"id":933,"href":"https:\/\/isfdr6027-sal.infd.edu.ar\/sitio\/wp-json\/wp\/v2\/pages\/930\/revisions\/933"}],"wp:attachment":[{"href":"https:\/\/isfdr6027-sal.infd.edu.ar\/sitio\/wp-json\/wp\/v2\/media?parent=930"}],"curies":[{"name":"wp","href":"https:\/\/api.w.org\/{rel}","templated":true}]}}